{"id":2558,"date":"2025-01-20T21:58:58","date_gmt":"2025-01-20T21:58:58","guid":{"rendered":"https:\/\/humancare.com.co\/?post_type=product&#038;p=2558"},"modified":"2025-01-21T15:37:08","modified_gmt":"2025-01-21T15:37:08","slug":"irbett-300-mg-caja-x-28-tab","status":"publish","type":"product","link":"https:\/\/humancare.com.co\/index.php\/producto\/irbett-300-mg-caja-x-28-tab\/","title":{"rendered":"Irbett 300 MG Caja X 28 TAB"},"content":{"rendered":"<p>Informaci\u00f3n no publicitaria de medicamentos. Todos los medicamentos de venta bajo receta m\u00e9dica deben ser prescritos por su m\u00e9dico tratante, quien debe realizar el correspondiente seguimiento de su uso y la correcta adherencia al tratamiento. El uso seguro y adecuado de estos productos es fundamental para lograr los resultados terap\u00e9uticos esperados.<\/p>\n","protected":false},"excerpt":{"rendered":"<p>Informaci\u00f3n no publicitaria de medicamentos. Todos los medicamentos de venta bajo receta m\u00e9dica deben ser prescritos por su m\u00e9dico tratante, quien debe realizar el correspondiente seguimiento de su uso y la correcta adherencia al tratamiento. El uso seguro y adecuado de estos productos es fundamental para lograr los resultados terap\u00e9uticos esperados.<\/p>\n","protected":false},"featured_media":2587,"comment_status":"open","ping_status":"closed","template":"","meta":{"site-sidebar-layout":"default","site-content-layout":"default","ast-global-header-display":"","ast-banner-title-visibility":"","ast-main-header-display":"","ast-hfb-above-header-display":"","ast-hfb-below-header-display":"","ast-hfb-mobile-header-display":"","site-post-title":"","ast-breadcrumbs-content":"","ast-featured-img":"","footer-sml-layout":"","theme-transparent-header-meta":"","adv-header-id-meta":"","stick-header-meta":"","header-above-stick-meta":"","header-main-stick-meta":"","header-below-stick-meta":""},"product_cat":[37],"product_tag":[],"jetpack_sharing_enabled":true,"_links":{"self":[{"href":"https:\/\/humancare.com.co\/index.php\/wp-json\/wp\/v2\/product\/2558"}],"collection":[{"href":"https:\/\/humancare.com.co\/index.php\/wp-json\/wp\/v2\/product"}],"about":[{"href":"https:\/\/humancare.com.co\/index.php\/wp-json\/wp\/v2\/types\/product"}],"replies":[{"embeddable":true,"href":"https:\/\/humancare.com.co\/index.php\/wp-json\/wp\/v2\/comments?post=2558"}],"wp:featuredmedia":[{"embeddable":true,"href":"https:\/\/humancare.com.co\/index.php\/wp-json\/wp\/v2\/media\/2587"}],"wp:attachment":[{"href":"https:\/\/humancare.com.co\/index.php\/wp-json\/wp\/v2\/media?parent=2558"}],"wp:term":[{"taxonomy":"product_cat","embeddable":true,"href":"https:\/\/humancare.com.co\/index.php\/wp-json\/wp\/v2\/product_cat?post=2558"},{"taxonomy":"product_tag","embeddable":true,"href":"https:\/\/humancare.com.co\/index.php\/wp-json\/wp\/v2\/product_tag?post=2558"}],"curies":[{"name":"wp","href":"https:\/\/api.w.org\/{rel}","templated":true}]}}