{"id":2557,"date":"2025-01-20T21:56:00","date_gmt":"2025-01-20T21:56:00","guid":{"rendered":"https:\/\/humancare.com.co\/?post_type=product&#038;p=2557"},"modified":"2025-01-21T15:18:11","modified_gmt":"2025-01-21T15:18:11","slug":"danitin-kids-20-sobres-5g","status":"publish","type":"product","link":"https:\/\/humancare.com.co\/index.php\/producto\/danitin-kids-20-sobres-5g\/","title":{"rendered":"Danitin Kids 20 Sobres 5G"},"content":{"rendered":"<p><strong>Ingredientes<\/strong><br \/>&#8211; Ar\u00e1ndano en Polvo<br \/>&#8211; Magnesio<br \/>&#8211; Vitamina C<br \/>&#8211; Zinc<br \/>&#8211; Vitamina D<br \/>&#8211; Remolacha en polvo<br \/>&#8211; Cultivos probi\u00f3ticos (<em>Bacillus coagulans<\/em>)<br \/>&#8211; Lim\u00f3n en polvo<\/p>\n<p><strong>Sin colorantes artificiales<\/strong><br \/><strong>Endulzado con Stevia<\/strong><br \/>\u00a0<\/p>\n<p>Dentro de una alimentaci\u00f3n completa:<br \/>Las vitaminas C, D y el Zinc contribuyen al funcionamiento normal del sistema inmunitario.\u00a0<sup>2,3<\/sup><br \/>La vitamina C y el Zinc contribuyen a\u00a0la protecci\u00f3n de las c\u00e9lulas frente al da\u00f1o oxidativo.\u00a0<sup>2,3,4<\/sup><br \/><strong>NFORMACION NUTRICIONAL<\/strong><br \/>POBLACI\u00d3N<br \/>Ni\u00f1os mayores de 4 a\u00f1os y adultos.<br \/>PORCI\u00d3N RECOMENDADA<br \/>1 sobre (5 gramos).<br \/>Registro Sanitario: RSA-0007181-2018.<\/p>\n<p>Modo de uso<\/p>\n<p>Consumir la porci\u00f3n en medio vaso (100 mL) de agua. Una vez preparado consumirlo inmediatamente.<\/p>\n<p>Referencias<\/p>\n<p><sup>1<\/sup>\u00a0Ministerio de Salud y Protecci\u00f3n Social. (2021). Resoluci\u00f3n No. 810 de 2021.<br \/><sup>2\u00a0<\/sup>Diario Oficial de la Uni\u00f3n Europea. Reglamento (UE) No. 432\/2012 de la Comisi\u00f3n de 16\/05\/2012.<br \/><sup>3<\/sup>\u00a0Food Standards Australia New Zealand. (2013). Standard 1.2.7 \u2013 Nutrition, Health and Related Claims.<br \/><sup>4<\/sup>\u00a0Health Canada. Canadian Food Inspection Agency. CFIA. Health claims on food labels. Nutrient function claims. Disponible en:\u00a0<a href=\"https:\/\/inspection.canada.ca\/food-labels\/labelling\/industry\/health-claims-on-food-labels\/eng\/1392834838383\/1392834887794?chap=9\">https:\/\/inspection.canada.ca\/food-labels\/labelling\/industry\/health-claims-on-food-labels\/eng\/1392834838383\/1392834887794?chap=9<\/a><br \/><sup>5<\/sup>\u00a0Calder\u00f3n-Jaimes E, Casanova-Rom\u00e1n G, Galindo-Fraga A, et al. Diagn\u00f3stico y tratamiento de las infecciones en v\u00edas urinarias un enfoque multidisciplinario para casos no complicados.\u00a0Bol Med Hosp Infant Mex 2013;70(1):3-10<br \/><sup>6<\/sup>\u00a0Head KA. Natural approaches to prevention and treatment of infections of the lower urinary tract. Alter Med Rev 2008; 13 (3)227-244.<br \/><sup>7<\/sup>\u00a0Williams G, Hahn D, Stephens JH, Craig JC, Hodson EM. Cranberries for preventing urinary tract infections. Cochrane Database of Systematic Reviews 2023, Issue 4. Art. No.: CD001321. DOI: 10.1002\/14651858.CD001321.pub6.<br \/><sup>8<\/sup>\u00a0Szajewska H, Kotowska M, Mrukowicz JZ, Arma\u0144ska M, Mikolajczyk W. Efficacy of Lacto- bacillus GG in prevention of nosocomial diarrhea in infants. J Pediatr 2001; 138(3):361-5.<br \/><sup>9<\/sup>\u00a0Oberhelman RA, Gilman RH, Sheen P, Taylor DN, Black RE, Cabrera L, et al. A placebo-controlled trial of Lactobacillus GG to prevent diarrhea in undernourished Peruvian children.\u00a0J Pediatr 1999; 134(1):15-20.<\/p>\n","protected":false},"excerpt":{"rendered":"<p>Presentaci\u00f3n: Caja x 20 sobres<br \/>Mezcla en polvo para preparar bebida, con ar\u00e1ndano.<br \/>Danitin\u00ae Kids es una\u00a0<strong>excelente fuente<\/strong>\u00a0de vitaminas C, D y Zinc.<sup>1<\/sup><\/p>\n","protected":false},"featured_media":2586,"comment_status":"open","ping_status":"closed","template":"","meta":{"site-sidebar-layout":"default","site-content-layout":"default","ast-global-header-display":"","ast-banner-title-visibility":"","ast-main-header-display":"","ast-hfb-above-header-display":"","ast-hfb-below-header-display":"","ast-hfb-mobile-header-display":"","site-post-title":"","ast-breadcrumbs-content":"","ast-featured-img":"","footer-sml-layout":"","theme-transparent-header-meta":"","adv-header-id-meta":"","stick-header-meta":"","header-above-stick-meta":"","header-main-stick-meta":"","header-below-stick-meta":""},"product_cat":[25],"product_tag":[],"jetpack_sharing_enabled":true,"_links":{"self":[{"href":"https:\/\/humancare.com.co\/index.php\/wp-json\/wp\/v2\/product\/2557"}],"collection":[{"href":"https:\/\/humancare.com.co\/index.php\/wp-json\/wp\/v2\/product"}],"about":[{"href":"https:\/\/humancare.com.co\/index.php\/wp-json\/wp\/v2\/types\/product"}],"replies":[{"embeddable":true,"href":"https:\/\/humancare.com.co\/index.php\/wp-json\/wp\/v2\/comments?post=2557"}],"wp:featuredmedia":[{"embeddable":true,"href":"https:\/\/humancare.com.co\/index.php\/wp-json\/wp\/v2\/media\/2586"}],"wp:attachment":[{"href":"https:\/\/humancare.com.co\/index.php\/wp-json\/wp\/v2\/media?parent=2557"}],"wp:term":[{"taxonomy":"product_cat","embeddable":true,"href":"https:\/\/humancare.com.co\/index.php\/wp-json\/wp\/v2\/product_cat?post=2557"},{"taxonomy":"product_tag","embeddable":true,"href":"https:\/\/humancare.com.co\/index.php\/wp-json\/wp\/v2\/product_tag?post=2557"}],"curies":[{"name":"wp","href":"https:\/\/api.w.org\/{rel}","templated":true}]}}