{"id":2556,"date":"2025-01-20T21:54:15","date_gmt":"2025-01-20T21:54:15","guid":{"rendered":"https:\/\/humancare.com.co\/?post_type=product&#038;p=2556"},"modified":"2025-01-21T15:16:29","modified_gmt":"2025-01-21T15:16:29","slug":"aqualen-kids-emulsion-hidratante-240-ml","status":"publish","type":"product","link":"https:\/\/humancare.com.co\/index.php\/producto\/aqualen-kids-emulsion-hidratante-240-ml\/","title":{"rendered":"Aqualen Kids Emulsi\u00f3n Hidratante 240 ML"},"content":{"rendered":"<p>Contiene:<br \/><strong>Manteca de Karit\u00e9:<\/strong>\u00a0Potente acci\u00f3n cicatrizante, antioxidante y antiinflamatoria,\u00a0<sup>1,2<\/sup><br \/><strong>Extracto de soya:<\/strong>\u00a0Brinda acci\u00f3n antioxidante: evita el da\u00f1o de los radicales libres.<sup>3<\/sup><br \/><strong>Vitamina E\u00a0<em>acetato Tocoferil<\/em>:<\/strong>\u00a0Brinda acci\u00f3n antioxidante que previene la propagaci\u00f3n de radicales libres\u00a0<sup>4\u00a0<\/sup>\u00a0y crea una barrera protectora en la piel ante agentes externos\u00a0<sup>5<\/sup>.<br \/><strong>Extracto de Cal\u00e9ndula:<\/strong>\u00a0Comprobada acci\u00f3n antis\u00e9ptica y antimic\u00f3tica\u00a0<sup>6,7\u00a0<\/sup><br \/><strong>Extracto de Manzanilla:<\/strong>\u00a0Alivia la irritaci\u00f3n y disminuye la inflamaci\u00f3n de las pieles sensibles y delicadas\u00a0<sup>8<\/sup>\u00a0.<br \/><strong>Extracto de Aloe Vera:\u00a0<\/strong>Poderosa acci\u00f3n emoliente y suavizante\u00a0<sup>9<\/sup><br \/>-Aumenta la regeneraci\u00f3n celular y ayuda de manera eficaz y r\u00e1pida a la cicatrizaci\u00f3n de la piel<sup>10<\/sup><br \/><strong>Notificaci\u00f3n Sanitaria:<\/strong><br \/>NSOC72580-16CO.<\/p>\n<p>Modo de uso<\/p>\n<p>Aplicar una porci\u00f3n generosa de Aqualen\u00ae Kids sobre la piel y masajear hasta su completa absorci\u00f3n. Repetir su aplicaci\u00f3n las veces que sea necesario.<\/p>\n<p>Referencias<\/p>\n<p>\u00a0<br \/>Ruiz, M. &amp; Huesa, J. (1991). La manteca de karit\u00e9. Revista del Consejo superior de Investigaciones Cient\u00edficas, volumen 42 (2), pp. 151-157.\u00a0<br \/>Leylen, R. Recuperado el 03 de enero 2020, desde:\u00a0<a href=\"http:\/\/www.vix.com\/es\/imj\/salud\/4417\/para-que-sirve-la-manteca-de-karite\">Http:\/\/www.vix.com\/es\/imj\/salud\/4417\/para-que-sirve-la-manteca-de-karite<\/a><br \/><a href=\"https:\/\/www.elsevier.es\/es-revista-farmacia-profesional-3-articulo-soja-13081505\">https:\/\/www.elsevier.es\/es-revista-farmacia-profesional-3-articulo-soja-13081505<\/a><br \/>Oregon State University. Recuperado el 03 de enero 2020, desde:\u00a0<a href=\"http:\/\/lpi.oregonstate.edu\/es\/mic\/vitaminas\/vitamina-E\">http:\/\/lpi.oregonstate.edu\/es\/mic\/vitaminas\/vitamina-E<\/a><br \/>Recuperado el 03 de enero 2020, desde:\u00a0<a href=\"http:\/\/cuidadosbiooil.com\/vitamina-e-piel\/\">http:\/\/cuidadosbiooil.com\/vitamina-e-piel\/<\/a><br \/>Carretero, M. Recuperado el 03 de enero 2020, desde:\u00a0<a href=\"http:\/\/botplusweb.portalfarma.com\/Documentos\/2009\/2\/6\/37417.pdf\">http:\/\/botplusweb.portalfarma.com\/Documentos\/2009\/2\/6\/37417.pdf<\/a><br \/>Recuperado el 03 de enero 2020, desde:\u00a0<a href=\"http:\/\/www.enjambre.gov.co\/enjambre\/file\/download\/218606\">http:\/\/www.enjambre.gov.co\/enjambre\/file\/download\/218606<\/a><br \/>Recuperado el 03 de enero 2020, desde:\u00a0<a href=\"http:\/\/botanologio.com\/es\/manzanilla-aplicaciones-cosmeticas\/\">http:\/\/botanologio.com\/es\/manzanilla-aplicaciones-cosmeticas\/<\/a><br \/>Rodr\u00edguez, I. &amp; Santana, O. et al. (2006). Beneficios del Aloe Vera I (s\u00e1bila) en las afecciones de la piel. Revista Cubana de Enfermer\u00eda, 22 (3). Recuperado el 03 de enero 2020, desde:\u00a0<a href=\"http:\/\/scielo.sld.cu\/\">http:\/\/scielo.sld.cu<\/a><br \/>Calder\u00f3n, M. &amp; Qui\u00f1ones, M. &amp; Pedraza, J. (2011). Efectos ben\u00e9ficos del aloe en la salud. Revista Especializada en Ciencias de la Salud, 14(2), pp. 53-73. Recuperado el 03 de enero 2020, desde:\u00a0<a href=\"http:\/\/www.medigraphic.com\/pdfs\/vertientes\/-vre-2011\/vre112a.pdf\">http:\/\/www.medigraphic.com\/pdfs\/vertientes\/-vre-2011\/vre112a.pdf<\/a><\/p>\n","protected":false},"excerpt":{"rendered":"<p>Presentaciones: Frasco dosificador 240 mL<\/p>\n","protected":false},"featured_media":2585,"comment_status":"open","ping_status":"closed","template":"","meta":{"site-sidebar-layout":"default","site-content-layout":"default","ast-global-header-display":"","ast-banner-title-visibility":"","ast-main-header-display":"","ast-hfb-above-header-display":"","ast-hfb-below-header-display":"","ast-hfb-mobile-header-display":"","site-post-title":"","ast-breadcrumbs-content":"","ast-featured-img":"","footer-sml-layout":"","theme-transparent-header-meta":"","adv-header-id-meta":"","stick-header-meta":"","header-above-stick-meta":"","header-main-stick-meta":"","header-below-stick-meta":""},"product_cat":[25],"product_tag":[],"jetpack_sharing_enabled":true,"_links":{"self":[{"href":"https:\/\/humancare.com.co\/index.php\/wp-json\/wp\/v2\/product\/2556"}],"collection":[{"href":"https:\/\/humancare.com.co\/index.php\/wp-json\/wp\/v2\/product"}],"about":[{"href":"https:\/\/humancare.com.co\/index.php\/wp-json\/wp\/v2\/types\/product"}],"replies":[{"embeddable":true,"href":"https:\/\/humancare.com.co\/index.php\/wp-json\/wp\/v2\/comments?post=2556"}],"wp:featuredmedia":[{"embeddable":true,"href":"https:\/\/humancare.com.co\/index.php\/wp-json\/wp\/v2\/media\/2585"}],"wp:attachment":[{"href":"https:\/\/humancare.com.co\/index.php\/wp-json\/wp\/v2\/media?parent=2556"}],"wp:term":[{"taxonomy":"product_cat","embeddable":true,"href":"https:\/\/humancare.com.co\/index.php\/wp-json\/wp\/v2\/product_cat?post=2556"},{"taxonomy":"product_tag","embeddable":true,"href":"https:\/\/humancare.com.co\/index.php\/wp-json\/wp\/v2\/product_tag?post=2556"}],"curies":[{"name":"wp","href":"https:\/\/api.w.org\/{rel}","templated":true}]}}