{"id":2551,"date":"2025-01-20T21:37:55","date_gmt":"2025-01-20T21:37:55","guid":{"rendered":"https:\/\/humancare.com.co\/?post_type=product&#038;p=2551"},"modified":"2025-01-20T23:52:21","modified_gmt":"2025-01-20T23:52:21","slug":"soyl-syndet-kids-liquido-500-ml","status":"publish","type":"product","link":"https:\/\/humancare.com.co\/index.php\/producto\/soyl-syndet-kids-liquido-500-ml\/","title":{"rendered":"Soyl Syndet Kids Liquido 500 ML"},"content":{"rendered":"<p><strong>Contiene EXTRACTO DE SOYA:<\/strong><br \/>\u2013 Brinda acci\u00f3n antioxidante: evita el da\u00f1o de los radicales libres.<sup>1<br \/><\/sup>\u2013 Previene la p\u00e9rdida de elasticidad de la piel.<sup>2<br \/><\/sup>\u2013 Tiene efecto humectante.\u00a0<sup>2<br \/><\/sup>\u2013 Limpia a profundidad la piel.<sup>3<\/sup><br \/>\u00a0<br \/>Soyl\u00ae Syndet Kids posee una f\u00f3rmula \u00fanica en el mercado, dise\u00f1ada para limpiar todo tipo de piel.<br \/>Notificaci\u00f3n Sanitaria: NSOC72579-16CO<br \/>Modo de uso<\/p>\n<p>Humedecer la piel y aplicar Soyl Syndet\u00ae Kids masajeando suavemente hasta producir espuma. Enjuagar con abundante agua.<br \/>Referencias<\/p>\n<p><a href=\"https:\/\/www.researchgate.net\/publication\/228479115_Eficiencia_antioxidante_de_extractos_fenolicos_de_soja_fermentada\">https:\/\/www.researchgate.net\/publication\/228479115_Eficiencia_antioxidante_de_extractos_fenolicos_de_soja_fermentada<\/a><br \/><a href=\"https:\/\/www.elsevier.es\/es-revista-farmacia-profesional-3-articulo-soja-13081505\">https:\/\/www.elsevier.es\/es-revista-farmacia-profesional-3-articulo-soja-13081505<\/a><br \/>Wu, W., Hettiarachchy, N.S. Foaming and emulsifying properties of soy protein isolate and hydrolysates in skin and hair care products. J Surfact Deterg 1998 Apr; 1(2) 241\u2013246.\u00a0<a href=\"https:\/\/doi.org\/10.1007\/s11743-998-0026-2\">https:\/\/doi.org\/10.1007\/s11743-998-0026-2<\/a><\/p>\n","protected":false},"excerpt":{"rendered":"<p>Presentaciones: Frasco dosificador 500 mL<br \/>\u00a0<br \/>Soyl\u00ae Syndet Kids es un sustituto del jab\u00f3n para todo tipo de piel, que\u00a0<strong>hidrata, suaviza y mantiene\u00a0<\/strong>el pH natural de la piel de los m\u00e1s peque\u00f1os.<sup>1<\/sup><br \/>\u00a0<\/p>\n","protected":false},"featured_media":2583,"comment_status":"open","ping_status":"closed","template":"","meta":{"site-sidebar-layout":"default","site-content-layout":"default","ast-global-header-display":"","ast-banner-title-visibility":"","ast-main-header-display":"","ast-hfb-above-header-display":"","ast-hfb-below-header-display":"","ast-hfb-mobile-header-display":"","site-post-title":"","ast-breadcrumbs-content":"","ast-featured-img":"","footer-sml-layout":"","theme-transparent-header-meta":"","adv-header-id-meta":"","stick-header-meta":"","header-above-stick-meta":"","header-main-stick-meta":"","header-below-stick-meta":""},"product_cat":[25],"product_tag":[],"jetpack_sharing_enabled":true,"_links":{"self":[{"href":"https:\/\/humancare.com.co\/index.php\/wp-json\/wp\/v2\/product\/2551"}],"collection":[{"href":"https:\/\/humancare.com.co\/index.php\/wp-json\/wp\/v2\/product"}],"about":[{"href":"https:\/\/humancare.com.co\/index.php\/wp-json\/wp\/v2\/types\/product"}],"replies":[{"embeddable":true,"href":"https:\/\/humancare.com.co\/index.php\/wp-json\/wp\/v2\/comments?post=2551"}],"wp:featuredmedia":[{"embeddable":true,"href":"https:\/\/humancare.com.co\/index.php\/wp-json\/wp\/v2\/media\/2583"}],"wp:attachment":[{"href":"https:\/\/humancare.com.co\/index.php\/wp-json\/wp\/v2\/media?parent=2551"}],"wp:term":[{"taxonomy":"product_cat","embeddable":true,"href":"https:\/\/humancare.com.co\/index.php\/wp-json\/wp\/v2\/product_cat?post=2551"},{"taxonomy":"product_tag","embeddable":true,"href":"https:\/\/humancare.com.co\/index.php\/wp-json\/wp\/v2\/product_tag?post=2551"}],"curies":[{"name":"wp","href":"https:\/\/api.w.org\/{rel}","templated":true}]}}