{"id":2453,"date":"2024-03-04T15:31:16","date_gmt":"2024-03-04T15:31:16","guid":{"rendered":"https:\/\/humancare.com.co\/?post_type=product&#038;p=2453"},"modified":"2025-01-17T20:13:08","modified_gmt":"2025-01-17T20:13:08","slug":"ziler-kids-plus","status":"publish","type":"product","link":"https:\/\/humancare.com.co\/index.php\/producto\/ziler-kids-plus\/","title":{"rendered":"Ziler\u00ae Kids Plus"},"content":{"rendered":"<p>ZILER\u00ae KIDS PLUS es un alimento a base de malta enriquecido con 12 Vitaminas y 6 minerales, con Calostro Bovino y Lute\u00edna. Rica Fuente de \u00c1cido F\u00f3lico<br \/>Vitaminas: C, E, A, D3, \u00c1cido F\u00f3lico, B1, B2, B3, B6, B7 Y B12.<br \/>Minerales: Calcio, Zinc, Magnesio, F\u00f3sforo, Hierro aminoquelado y Manganeso.<br \/>Calostro Bovino: Aporta inmunoglobulinas , anticuerpos y factores antimicrobianos 1.<br \/>Lute\u00edna: Esencial para la protecci\u00f3n de la salud ocular y la preservaci\u00f3n de la agudeza visual 2.<\/p>\n<p><strong>INFORMACION NUTRICIONAL<\/strong><br \/>POBLACI\u00d3N Ni\u00f1os mayores de 4 a\u00f1os.<br \/>PORCI\u00d3N RECOMENDADA 15 gramos (equivalente a 3 cucharaditas).<br \/>Se calcula que alrededor de 2 millones de personas en el mundo padecen hambre oculta a nivel mundial. 3<br \/>El hambre oculta, o las deficiencias de micronutrientes, se produce cuando la calidad de los alimentos que comemos no cumplen con nuestras necesidades de nutrientes, por lo que no estar\u00edamos recibiendo las vitaminas y minerales esenciales necesarios para un crecimiento y desarrollo adecuados.3<br \/>Registro Sanitario: RSA-0009890-2020<\/p>\n<p><strong>Modo de uso<\/strong><br \/>Mezcle en un vaso con leche, jugo o bebida favorita 3 cucharaditas (15 gramos).<\/p>\n<p><strong>Referencias<\/strong><br \/>Borad SG, Singh AK. Colostrum immunoglobulins: Processing, preservation and applications aspects. International Dairy Journal. 2018; 85: 201-219<br \/>Linus Pauling Institute. Micronutrients Information Center. Oregon State University. Carotenoids. Last Review: Johnson EJ. August 2016 (disponible en lpi.oregonstate.edu\/mic\/dietary-factors\/phytochemicals\/carotenoids)<br \/>http:\/\/www.fao.org\/about\/meetings\/icn2\/news\/news-detail\/es\/c\/265244\/<\/p>\n","protected":false},"excerpt":{"rendered":"<p>ZILER\u00ae KIDS PLUS es un alimento a base de malta enriquecido con 12 Vitaminas y 6 minerales, con Calostro Bovino y Lute\u00edna. Rica Fuente de \u00c1cido F\u00f3lico.<br \/>Presentaci\u00f3n: FRASCO X 300 g de jalea sabor a Caramelo.<\/p>\n","protected":false},"featured_media":2548,"comment_status":"open","ping_status":"closed","template":"","meta":{"site-sidebar-layout":"default","site-content-layout":"default","ast-global-header-display":"","ast-banner-title-visibility":"","ast-main-header-display":"","ast-hfb-above-header-display":"","ast-hfb-below-header-display":"","ast-hfb-mobile-header-display":"","site-post-title":"","ast-breadcrumbs-content":"","ast-featured-img":"","footer-sml-layout":"","theme-transparent-header-meta":"","adv-header-id-meta":"","stick-header-meta":"","header-above-stick-meta":"","header-main-stick-meta":"","header-below-stick-meta":""},"product_cat":[25],"product_tag":[],"jetpack_sharing_enabled":true,"_links":{"self":[{"href":"https:\/\/humancare.com.co\/index.php\/wp-json\/wp\/v2\/product\/2453"}],"collection":[{"href":"https:\/\/humancare.com.co\/index.php\/wp-json\/wp\/v2\/product"}],"about":[{"href":"https:\/\/humancare.com.co\/index.php\/wp-json\/wp\/v2\/types\/product"}],"replies":[{"embeddable":true,"href":"https:\/\/humancare.com.co\/index.php\/wp-json\/wp\/v2\/comments?post=2453"}],"wp:featuredmedia":[{"embeddable":true,"href":"https:\/\/humancare.com.co\/index.php\/wp-json\/wp\/v2\/media\/2548"}],"wp:attachment":[{"href":"https:\/\/humancare.com.co\/index.php\/wp-json\/wp\/v2\/media?parent=2453"}],"wp:term":[{"taxonomy":"product_cat","embeddable":true,"href":"https:\/\/humancare.com.co\/index.php\/wp-json\/wp\/v2\/product_cat?post=2453"},{"taxonomy":"product_tag","embeddable":true,"href":"https:\/\/humancare.com.co\/index.php\/wp-json\/wp\/v2\/product_tag?post=2453"}],"curies":[{"name":"wp","href":"https:\/\/api.w.org\/{rel}","templated":true}]}}