{"id":2452,"date":"2024-03-04T15:28:35","date_gmt":"2024-03-04T15:28:35","guid":{"rendered":"https:\/\/humancare.com.co\/?post_type=product&#038;p=2452"},"modified":"2025-01-17T20:13:25","modified_gmt":"2025-01-17T20:13:25","slug":"zilerkids","status":"publish","type":"product","link":"https:\/\/humancare.com.co\/index.php\/producto\/zilerkids\/","title":{"rendered":"Ziler\u00aeKids"},"content":{"rendered":"<p>ZILER\u00ae KIDS es un alimento a base de malta fortificado con 12 Vitaminas y 6 minerales.<br \/>Vitaminas: C, E, K, A, D3, \u00c1cido F\u00f3lico, B1, B2, B3, B6, B7 Y B12.<br \/>Minerales: Calcio, Zinc, Magnesio, F\u00f3sforo, Hierro aminoquelado y Manganeso.<\/p>\n<p><strong>INFORMACION NUTRICIONAL<\/strong><br \/>POBLACI\u00d3N Ni\u00f1os mayores de 4 a\u00f1os y adultos.<br \/>PORCI\u00d3N RECOMENDADA 15 gramos (equivalente a 3 cucharaditas).<br \/>Se calcula que alrededor de 2 millones de personas en el mundo padecen hambre oculta a nivel mundial. 1<br \/>El hambre oculta, o las deficiencias de micronutrientes, se produce cuando la calidad de los alimentos que comemos no cumplen con nuestras necesidades de nutrientes, por lo que no estar\u00edamos recibiendo las vitaminas y minerales esenciales necesarios para un crecimiento y desarrollo adecuados.1<br \/>Registro Sanitario: RSA-0009890-2020<\/p>\n<p><strong>Modo de uso<\/strong><br \/>Mezclar en un vaso con leche, jugo o bebida favorita 3 cucharaditas (15 gramos).<\/p>\n<p><strong>Referencias<\/strong><br \/>1.http:\/\/www.fao.org\/about\/meetings\/icn2\/news\/news-detail\/es\/c\/265244\/<\/p>\n","protected":false},"excerpt":{"rendered":"<p>ZILER\u00ae KIDS es un alimento a base de malta fortificado con 12 Vitaminas y 6 minerales.<br \/>Presentaci\u00f3n: FRASCO X 300 g de jalea sabor a Vainilla<\/p>\n","protected":false},"featured_media":2546,"comment_status":"open","ping_status":"closed","template":"","meta":{"site-sidebar-layout":"default","site-content-layout":"default","ast-global-header-display":"","ast-banner-title-visibility":"","ast-main-header-display":"","ast-hfb-above-header-display":"","ast-hfb-below-header-display":"","ast-hfb-mobile-header-display":"","site-post-title":"","ast-breadcrumbs-content":"","ast-featured-img":"","footer-sml-layout":"","theme-transparent-header-meta":"","adv-header-id-meta":"","stick-header-meta":"","header-above-stick-meta":"","header-main-stick-meta":"","header-below-stick-meta":""},"product_cat":[25],"product_tag":[],"jetpack_sharing_enabled":true,"_links":{"self":[{"href":"https:\/\/humancare.com.co\/index.php\/wp-json\/wp\/v2\/product\/2452"}],"collection":[{"href":"https:\/\/humancare.com.co\/index.php\/wp-json\/wp\/v2\/product"}],"about":[{"href":"https:\/\/humancare.com.co\/index.php\/wp-json\/wp\/v2\/types\/product"}],"replies":[{"embeddable":true,"href":"https:\/\/humancare.com.co\/index.php\/wp-json\/wp\/v2\/comments?post=2452"}],"wp:featuredmedia":[{"embeddable":true,"href":"https:\/\/humancare.com.co\/index.php\/wp-json\/wp\/v2\/media\/2546"}],"wp:attachment":[{"href":"https:\/\/humancare.com.co\/index.php\/wp-json\/wp\/v2\/media?parent=2452"}],"wp:term":[{"taxonomy":"product_cat","embeddable":true,"href":"https:\/\/humancare.com.co\/index.php\/wp-json\/wp\/v2\/product_cat?post=2452"},{"taxonomy":"product_tag","embeddable":true,"href":"https:\/\/humancare.com.co\/index.php\/wp-json\/wp\/v2\/product_tag?post=2452"}],"curies":[{"name":"wp","href":"https:\/\/api.w.org\/{rel}","templated":true}]}}