{"id":2450,"date":"2024-03-04T15:25:30","date_gmt":"2024-03-04T15:25:30","guid":{"rendered":"https:\/\/humancare.com.co\/?post_type=product&#038;p=2450"},"modified":"2025-01-17T19:25:34","modified_gmt":"2025-01-17T19:25:34","slug":"repitel","status":"publish","type":"product","link":"https:\/\/humancare.com.co\/index.php\/producto\/repitel\/","title":{"rendered":"Repitel"},"content":{"rendered":"<p>Repitel\u00ae est\u00e1 especialmente formulado con ingredientes que ayudan a cuidar la piel en las diferentes fases de cicatrizaci\u00f3n.<br \/><strong>Contiene:<\/strong><br \/>Extracto de centella asi\u00e1tica: que restaura la piel da\u00f1ada tras una intervenci\u00f3n quir\u00fargica, una quemadura, o una herida. 1<br \/>Vitamina E: que puede eliminar cicatrices profundas, manchas del sol y hasta las estr\u00edas. Es bien conocida como un potente antioxidante. 3<br \/>Aceite de cal\u00e9ndula: Es un desinflamante, cicatrizante y antibacterial por excelencia. 2<br \/>\u00d3xido de Zinc: Es usado para aclarar la piel, tiene efecto antiinflamatorio, antis\u00e9ptico, es usado para tratar heridas, irritaciones, quemaduras y la piel agrietada. 4<br \/>Notificaci\u00f3n sanitaria: NSOC11324-04CO<\/p>\n<p><strong>Modo de uso<\/strong><br \/>Extienda una ligera capa de Repitel\u00ae Crema, sobre la piel que desea proteger. Masajee suavemente. Repita la aplicaci\u00f3n varias veces al d\u00eda.<\/p>\n<p><strong>Referencias<\/strong><br \/>1.-https:\/\/www.webconsultas.com\/belleza-y-bienestar\/plantas-medicinales\/propiedades-y-beneficios-de-la-centella-asiatica#:~:text=La%20centella%20asi%C3%A1tica%20puede%20ayudar%20a%20curar%20las%20quemaduras%20de%20la%20piel.&amp;text=La%20centella%20asi%C3%A1tica%20es%20una,los%20huesos%20y%20los%20m%C3%BAsculos.<br \/>2.- https:\/\/www.druni.es\/blog\/aceites-esenciales\/calendula<br \/>3.- https:\/\/laopinion.com\/guia-de-compras\/que-hace-y-cuales-son-los-beneficios-de-la-vitamina-e-en-la-piel\/<br \/>4.- https:\/\/belleza.uncomo.com\/articulo\/propiedades-del-oxido-de-zinc-para-la-piel-45831.html<\/p>\n","protected":false},"excerpt":{"rendered":"<p>Repitel\u00ae est\u00e1 especialmente formulado con ingredientes que ayudan a cuidar la piel en las diferentes fases de cicatrizaci\u00f3n.<br \/>Presentaci\u00f3n: Frasco airless con dosificador y tapa x 50mL<\/p>\n","protected":false},"featured_media":2541,"comment_status":"open","ping_status":"closed","template":"","meta":{"site-sidebar-layout":"default","site-content-layout":"default","ast-global-header-display":"","ast-banner-title-visibility":"","ast-main-header-display":"","ast-hfb-above-header-display":"","ast-hfb-below-header-display":"","ast-hfb-mobile-header-display":"","site-post-title":"","ast-breadcrumbs-content":"","ast-featured-img":"","footer-sml-layout":"","theme-transparent-header-meta":"","adv-header-id-meta":"","stick-header-meta":"","header-above-stick-meta":"","header-main-stick-meta":"","header-below-stick-meta":""},"product_cat":[24],"product_tag":[],"jetpack_sharing_enabled":true,"_links":{"self":[{"href":"https:\/\/humancare.com.co\/index.php\/wp-json\/wp\/v2\/product\/2450"}],"collection":[{"href":"https:\/\/humancare.com.co\/index.php\/wp-json\/wp\/v2\/product"}],"about":[{"href":"https:\/\/humancare.com.co\/index.php\/wp-json\/wp\/v2\/types\/product"}],"replies":[{"embeddable":true,"href":"https:\/\/humancare.com.co\/index.php\/wp-json\/wp\/v2\/comments?post=2450"}],"wp:featuredmedia":[{"embeddable":true,"href":"https:\/\/humancare.com.co\/index.php\/wp-json\/wp\/v2\/media\/2541"}],"wp:attachment":[{"href":"https:\/\/humancare.com.co\/index.php\/wp-json\/wp\/v2\/media?parent=2450"}],"wp:term":[{"taxonomy":"product_cat","embeddable":true,"href":"https:\/\/humancare.com.co\/index.php\/wp-json\/wp\/v2\/product_cat?post=2450"},{"taxonomy":"product_tag","embeddable":true,"href":"https:\/\/humancare.com.co\/index.php\/wp-json\/wp\/v2\/product_tag?post=2450"}],"curies":[{"name":"wp","href":"https:\/\/api.w.org\/{rel}","templated":true}]}}