{"id":2433,"date":"2024-03-05T13:48:13","date_gmt":"2024-03-05T13:48:13","guid":{"rendered":"https:\/\/humancare.com.co\/?post_type=product&#038;p=2433"},"modified":"2025-01-17T19:04:16","modified_gmt":"2025-01-17T19:04:16","slug":"mamalina","status":"publish","type":"product","link":"https:\/\/humancare.com.co\/index.php\/producto\/mamalina\/","title":{"rendered":"Mamalina"},"content":{"rendered":"<p><strong>Presentaci\u00f3n:<\/strong>\u00a0Tubo X 35 g\u00a0\u00a0<br \/><strong>Mamalina<\/strong>\u00a0es un crema dermoprotectora para pezones, tiene propiedades acondicionadoras, emolientes, oclusivas, humectantes y protectoras de la piel gracias a sus ingredientes naturales.<sup>1<\/sup><br \/><strong>Contiene:<\/strong>\u00a0Lanolina, Aloe Vera, Cal\u00e9ndula, Vitamina E, Aceite de Arg\u00e1n, Aceite de oliva.\u00a0<br \/><strong>Bondades de la Lanolina, el Aceite de Arg\u00e1n y el aceite de oliva :<\/strong><br \/>Act\u00faan como emolientes, que lubrican la superficie de la piel y le dan un aspecto suave y terso.<sup>1, 2<\/sup><br \/><strong>Bondades de la Vitamina E:<\/strong><br \/>Retrasa la p\u00e9rdida de agua de la piel formando una barrera en la superficie de la piel<sup>1, 2<\/sup>.<br \/><strong>Bondades de la Lanolina, el Aloe Vera, la Cal\u00e9ndula y la Vitamina E:<\/strong><br \/>Acondicionadores de la piel que mejoran la apariencia seca al reducir la descamaci\u00f3n y restaurar la flexibilidad<sup>1, 2<\/sup>.<br \/><strong>Bondades de la Glicerina:<\/strong><br \/>Brinda humectaci\u00f3n que aumenta el contenido de agua de las capas superiores de la piel extrayendo la humedad del aire circundante, adem\u00e1s protege temporalmente la piel expuesta a est\u00edmulos nocivos o molestos y puede proporcionar alivio<sup>1,2<\/sup>.<br \/>Modo de uso<\/p>\n<p>Modo de uso:<br \/>Pre-natal:<br \/>Aplicar Mamalina durante el embarazo para humectar y acondicionar los pezones y areolas antes del inicio de la lactancia.<br \/>Etapa de Lactancia:<br \/>Despu\u00e9s de amamantar, lave los pezones con su misma leche materna y aplique Mamalina en areolas y pezones para evitar la aparici\u00f3n de grietas. En caso de que los pezones se encuentren agrietados, sensibles o irritados, aplicar Mamalina para eliminar las molestias.<br \/>Referencias<\/p>\n<p>1. COSING. Cosmetic ingredient database (2022). https:\/\/ec.europa.eu\/growth\/tools-databases\/cosing\/index.cfm?fuseaction=search.simple<br \/>\u00a02. Cosmetics info. (2022). https:\/\/www.cosmeticsinfo.org\/<\/p>\n","protected":false},"excerpt":{"rendered":"<p><strong>Mamalina<\/strong>\u00a0crema dermoprotectora para pezones.<br \/>\u00a0<\/p>\n","protected":false},"featured_media":2536,"comment_status":"open","ping_status":"closed","template":"","meta":{"site-sidebar-layout":"default","site-content-layout":"default","ast-global-header-display":"","ast-banner-title-visibility":"","ast-main-header-display":"","ast-hfb-above-header-display":"","ast-hfb-below-header-display":"","ast-hfb-mobile-header-display":"","site-post-title":"","ast-breadcrumbs-content":"","ast-featured-img":"","footer-sml-layout":"","theme-transparent-header-meta":"","adv-header-id-meta":"","stick-header-meta":"","header-above-stick-meta":"","header-main-stick-meta":"","header-below-stick-meta":""},"product_cat":[22],"product_tag":[],"jetpack_sharing_enabled":true,"_links":{"self":[{"href":"https:\/\/humancare.com.co\/index.php\/wp-json\/wp\/v2\/product\/2433"}],"collection":[{"href":"https:\/\/humancare.com.co\/index.php\/wp-json\/wp\/v2\/product"}],"about":[{"href":"https:\/\/humancare.com.co\/index.php\/wp-json\/wp\/v2\/types\/product"}],"replies":[{"embeddable":true,"href":"https:\/\/humancare.com.co\/index.php\/wp-json\/wp\/v2\/comments?post=2433"}],"wp:featuredmedia":[{"embeddable":true,"href":"https:\/\/humancare.com.co\/index.php\/wp-json\/wp\/v2\/media\/2536"}],"wp:attachment":[{"href":"https:\/\/humancare.com.co\/index.php\/wp-json\/wp\/v2\/media?parent=2433"}],"wp:term":[{"taxonomy":"product_cat","embeddable":true,"href":"https:\/\/humancare.com.co\/index.php\/wp-json\/wp\/v2\/product_cat?post=2433"},{"taxonomy":"product_tag","embeddable":true,"href":"https:\/\/humancare.com.co\/index.php\/wp-json\/wp\/v2\/product_tag?post=2433"}],"curies":[{"name":"wp","href":"https:\/\/api.w.org\/{rel}","templated":true}]}}